{"id":64,"date":"2025-02-10T13:40:40","date_gmt":"2025-02-10T13:40:40","guid":{"rendered":"https:\/\/mobilcella.hu\/?page_id=64"},"modified":"2025-02-10T17:07:15","modified_gmt":"2025-02-10T17:07:15","slug":"contact","status":"publish","type":"page","link":"https:\/\/mobilcella.hu\/?page_id=64","title":{"rendered":"Kapcsolat"},"content":{"rendered":"\t\t<div data-elementor-type=\"wp-page\" data-elementor-id=\"64\" class=\"elementor elementor-64\" data-elementor-post-type=\"page\">\n\t\t\t\t<div class=\"elementor-element elementor-element-6b053088 e-con-full e-flex e-con e-parent\" data-id=\"6b053088\" data-element_type=\"container\">\n\t\t<div class=\"elementor-element elementor-element-771c3aec e-con-full e-flex e-con e-child\" data-id=\"771c3aec\" data-element_type=\"container\" data-settings=\"{&quot;background_background&quot;:&quot;classic&quot;}\">\n\t\t\t\t<\/div>\n\t\t<div class=\"elementor-element elementor-element-478d564f e-con-full e-flex e-con e-child\" data-id=\"478d564f\" data-element_type=\"container\">\n\t\t\t\t<div class=\"elementor-element elementor-element-251850fd elementor-widget elementor-widget-heading\" data-id=\"251850fd\" data-element_type=\"widget\" data-widget_type=\"heading.default\">\n\t\t\t\t<div class=\"elementor-widget-container\">\n\t\t\t\t\t<h1 class=\"elementor-heading-title elementor-size-default\">Kapcsolat<\/h1>\t\t\t\t<\/div>\n\t\t\t\t<\/div>\n\t\t\t\t<div class=\"elementor-element elementor-element-40ca8f2d elementor-widget__width-initial elementor-widget-mobile__width-inherit elementor-widget elementor-widget-text-editor\" data-id=\"40ca8f2d\" data-element_type=\"widget\" data-widget_type=\"text-editor.default\">\n\t\t\t\t<div class=\"elementor-widget-container\">\n\t\t\t\t\t\t\t\t\t<p>Az al\u00e1bbi kapcsolati \u0171rlap kit\u00f6lt\u00e9s\u00e9vel tudsz kapcsolatba l\u00e9pni vel\u00fcnk. Koll\u00e9g\u00e1ink igyekeznek r\u00f6vid id\u0151n bel\u00fcl v\u00e1laszolni minden megkeres\u00e9sre.\u00a0<\/p>\t\t\t\t\t\t\t\t<\/div>\n\t\t\t\t<\/div>\n\t\t\t\t<div class=\"elementor-element elementor-element-3f054749 elementor-button-align-center elementor-mobile-button-align-center elementor-widget elementor-widget-form\" data-id=\"3f054749\" data-element_type=\"widget\" data-settings=\"{&quot;step_next_label&quot;:&quot;Next&quot;,&quot;step_previous_label&quot;:&quot;Previous&quot;,&quot;button_width&quot;:&quot;100&quot;,&quot;step_type&quot;:&quot;number_text&quot;,&quot;step_icon_shape&quot;:&quot;circle&quot;}\" data-widget_type=\"form.default\">\n\t\t\t\t<div class=\"elementor-widget-container\">\n\t\t\t\t\t\t\t<form class=\"elementor-form\" method=\"post\" name=\"New Form\">\n\t\t\t<input type=\"hidden\" name=\"post_id\" value=\"64\"\/>\n\t\t\t<input type=\"hidden\" name=\"form_id\" value=\"3f054749\"\/>\n\t\t\t<input type=\"hidden\" name=\"referer_title\" value=\"Kapcsolat\" \/>\n\n\t\t\t\t\t\t\t<input type=\"hidden\" name=\"queried_id\" value=\"64\"\/>\n\t\t\t\n\t\t\t<div class=\"elementor-form-fields-wrapper elementor-labels-\">\n\t\t\t\t\t\t\t\t<div class=\"elementor-field-type-text elementor-field-group elementor-column elementor-field-group-name elementor-col-50\">\n\t\t\t\t\t\t\t\t\t\t\t\t<label for=\"form-field-name\" class=\"elementor-field-label elementor-screen-only\">\n\t\t\t\t\t\t\t\tName\t\t\t\t\t\t\t<\/label>\n\t\t\t\t\t\t\t\t\t\t\t\t\t\t<input size=\"1\" type=\"text\" name=\"form_fields[name]\" id=\"form-field-name\" class=\"elementor-field elementor-size-md  elementor-field-textual\" placeholder=\"Neved\">\n\t\t\t\t\t\t\t\t\t\t\t<\/div>\n\t\t\t\t\t\t\t\t<div class=\"elementor-field-type-email elementor-field-group elementor-column elementor-field-group-email elementor-col-50 elementor-field-required\">\n\t\t\t\t\t\t\t\t\t\t\t\t<label for=\"form-field-email\" class=\"elementor-field-label elementor-screen-only\">\n\t\t\t\t\t\t\t\tEmail\t\t\t\t\t\t\t<\/label>\n\t\t\t\t\t\t\t\t\t\t\t\t\t\t<input size=\"1\" type=\"email\" name=\"form_fields[email]\" id=\"form-field-email\" class=\"elementor-field elementor-size-md  elementor-field-textual\" placeholder=\"E-mail c\u00edmed\" required=\"required\">\n\t\t\t\t\t\t\t\t\t\t\t<\/div>\n\t\t\t\t\t\t\t\t<div class=\"elementor-field-type-select elementor-field-group elementor-column elementor-field-group-field_651f872 elementor-col-50\">\n\t\t\t\t\t\t\t\t\t\t\t\t<label for=\"form-field-field_651f872\" class=\"elementor-field-label elementor-screen-only\">\n\t\t\t\t\t\t\t\tV\u00e1lasz t\u00e9m\u00e1t\t\t\t\t\t\t\t<\/label>\n\t\t\t\t\t\t\t\t<div class=\"elementor-field elementor-select-wrapper remove-before \">\n\t\t\t<div class=\"select-caret-down-wrapper\">\n\t\t\t\t<svg aria-hidden=\"true\" class=\"e-font-icon-svg e-eicon-caret-down\" viewBox=\"0 0 571.4 571.4\" xmlns=\"http:\/\/www.w3.org\/2000\/svg\"><path d=\"M571 393Q571 407 561 418L311 668Q300 679 286 679T261 668L11 418Q0 407 0 393T11 368 36 357H536Q550 357 561 368T571 393Z\"><\/path><\/svg>\t\t\t<\/div>\n\t\t\t<select name=\"form_fields[field_651f872]\" id=\"form-field-field_651f872\" class=\"elementor-field-textual elementor-size-md\">\n\t\t\t\t\t\t\t\t\t<option value=\"V\u00e1lasz t\u00e9m\u00e1t\">V\u00e1lasz t\u00e9m\u00e1t<\/option>\n\t\t\t\t\t\t\t\t\t<option value=\"Nem tal\u00e1lok egy term\u00e9ket\">Nem tal\u00e1lok egy term\u00e9ket<\/option>\n\t\t\t\t\t\t\t\t\t<option value=\"Term\u00e9kkel van k\u00e9rd\u00e9sem\">Term\u00e9kkel van k\u00e9rd\u00e9sem<\/option>\n\t\t\t\t\t\t\t\t\t<option value=\"Sz\u00e1ll\u00edt\u00e1ssal van k\u00e9rd\u00e9sem\">Sz\u00e1ll\u00edt\u00e1ssal van k\u00e9rd\u00e9sem<\/option>\n\t\t\t\t\t\t\t\t\t<option value=\"Garanci\u00e1lis k\u00e9rd\u00e9sem van\">Garanci\u00e1lis k\u00e9rd\u00e9sem van<\/option>\n\t\t\t\t\t\t\t\t\t<option value=\"Egy\u00e9b\">Egy\u00e9b<\/option>\n\t\t\t\t\t\t\t<\/select>\n\t\t<\/div>\n\t\t\t\t\t\t<\/div>\n\t\t\t\t\t\t\t\t<div class=\"elementor-field-type-tel elementor-field-group elementor-column elementor-field-group-field_a735fff elementor-col-50\">\n\t\t\t\t\t\t\t\t\t\t\t\t<label for=\"form-field-field_a735fff\" class=\"elementor-field-label elementor-screen-only\">\n\t\t\t\t\t\t\t\tMessage\t\t\t\t\t\t\t<\/label>\n\t\t\t\t\t\t\t\t<input size=\"1\" type=\"tel\" name=\"form_fields[field_a735fff]\" id=\"form-field-field_a735fff\" class=\"elementor-field elementor-size-md  elementor-field-textual\" placeholder=\"Telefonsz\u00e1m\" pattern=\"[0-9()#&amp;+*-=.]+\" title=\"Only numbers and phone characters (#, -, *, etc) are accepted.\">\n\n\t\t\t\t\t\t<\/div>\n\t\t\t\t\t\t\t\t<div class=\"elementor-field-type-text elementor-field-group elementor-column elementor-field-group-field_181d024 elementor-col-100\">\n\t\t\t\t\t\t\t\t\t\t\t\t<label for=\"form-field-field_181d024\" class=\"elementor-field-label elementor-screen-only\">\n\t\t\t\t\t\t\t\t\u00dczenet\t\t\t\t\t\t\t<\/label>\n\t\t\t\t\t\t\t\t\t\t\t\t\t\t<input size=\"1\" type=\"text\" name=\"form_fields[field_181d024]\" id=\"form-field-field_181d024\" class=\"elementor-field elementor-size-md  elementor-field-textual\" placeholder=\"\u00dczenet\">\n\t\t\t\t\t\t\t\t\t\t\t<\/div>\n\t\t\t\t\t\t\t\t<div class=\"elementor-field-group elementor-column elementor-field-type-submit elementor-col-100 e-form__buttons\">\n\t\t\t\t\t<button class=\"elementor-button elementor-size-md elementor-animation-shrink\" type=\"submit\">\n\t\t\t\t\t\t<span class=\"elementor-button-content-wrapper\">\n\t\t\t\t\t\t\t\t\t\t\t\t\t\t\t\t\t\t\t\t\t\t<span class=\"elementor-button-text\">Elk\u00fcld\u00f6m<\/span>\n\t\t\t\t\t\t\t\t\t\t\t\t\t<\/span>\n\t\t\t\t\t<\/button>\n\t\t\t\t<\/div>\n\t\t\t<\/div>\n\t\t<\/form>\n\t\t\t\t\t\t<\/div>\n\t\t\t\t<\/div>\n\t\t\t\t<\/div>\n\t\t\t\t<\/div>\n\t\t<div class=\"elementor-element elementor-element-281ac82f e-flex e-con-boxed e-con e-parent\" data-id=\"281ac82f\" data-element_type=\"container\">\n\t\t\t\t\t<div class=\"e-con-inner\">\n\t\t\t\t<div class=\"elementor-element elementor-element-22e80eb6 elementor-widget elementor-widget-heading\" data-id=\"22e80eb6\" data-element_type=\"widget\" data-widget_type=\"heading.default\">\n\t\t\t\t<div class=\"elementor-widget-container\">\n\t\t\t\t\t<h2 class=\"elementor-heading-title elementor-size-default\">Kiemelt term\u00e9keink<\/h2>\t\t\t\t<\/div>\n\t\t\t\t<\/div>\n\t\t\t\t<div class=\"elementor-element elementor-element-334ef11d elementor-grid-3 elementor-grid-mobile-1 elementor-product-loop-item--align-left elementor-widget-mobile__width-inherit elementor-grid-tablet-3 elementor-products-grid elementor-wc-products elementor-widget elementor-widget-woocommerce-products\" data-id=\"334ef11d\" data-element_type=\"widget\" data-widget_type=\"woocommerce-products.default\">\n\t\t\t\t<div class=\"elementor-widget-container\">\n\t\t\t\t\t<div class=\"woocommerce columns-3 \"><ul class=\"products elementor-grid columns-3\">\n<li class=\"product type-product post-110 status-publish first instock product_cat-uncategorized has-post-thumbnail featured shipping-taxable purchasable product-type-simple\">\n\t<a href=\"https:\/\/mobilcella.hu\/?product=product-name-14\" class=\"woocommerce-LoopProduct-link woocommerce-loop-product__link\"><img fetchpriority=\"high\" decoding=\"async\" width=\"300\" height=\"300\" src=\"https:\/\/mobilcella.hu\/wp-content\/uploads\/2022\/01\/Wierframe-Woocommerce_product-300x300.jpg\" class=\"attachment-woocommerce_thumbnail size-woocommerce_thumbnail\" alt=\"\" srcset=\"https:\/\/mobilcella.hu\/wp-content\/uploads\/2022\/01\/Wierframe-Woocommerce_product-300x300.jpg 300w, https:\/\/mobilcella.hu\/wp-content\/uploads\/2022\/01\/Wierframe-Woocommerce_product-150x150.jpg 150w, https:\/\/mobilcella.hu\/wp-content\/uploads\/2022\/01\/Wierframe-Woocommerce_product-100x100.jpg 100w\" sizes=\"(max-width: 300px) 100vw, 300px\" \/><h2 class=\"woocommerce-loop-product__title\">Product Title<\/h2>\n\t<span class=\"price\"><span class=\"woocommerce-Price-amount amount\"><bdi>100&nbsp;<span class=\"woocommerce-Price-currencySymbol\">&#70;&#116;<\/span><\/bdi><\/span><\/span>\n<\/a><a href=\"?add-to-cart=110\" aria-describedby=\"woocommerce_loop_add_to_cart_link_describedby_110\" data-quantity=\"1\" class=\"button product_type_simple add_to_cart_button ajax_add_to_cart\" data-product_id=\"110\" data-product_sku=\"211852-13\" aria-label=\"Kos\u00e1rba: &ldquo;Product Title&rdquo;\" rel=\"nofollow\" data-success_message=\"&ldquo;Product Title&rdquo; has been added to your cart\">Kos\u00e1rba teszem<\/a>\t<span id=\"woocommerce_loop_add_to_cart_link_describedby_110\" class=\"screen-reader-text\">\n\t\t\t<\/span>\n<\/li>\n<li class=\"product type-product post-109 status-publish instock product_cat-uncategorized has-post-thumbnail featured shipping-taxable purchasable product-type-simple\">\n\t<a href=\"https:\/\/mobilcella.hu\/?product=product-name-13\" class=\"woocommerce-LoopProduct-link woocommerce-loop-product__link\"><img fetchpriority=\"high\" decoding=\"async\" width=\"300\" height=\"300\" src=\"https:\/\/mobilcella.hu\/wp-content\/uploads\/2022\/01\/Wierframe-Woocommerce_product-300x300.jpg\" class=\"attachment-woocommerce_thumbnail size-woocommerce_thumbnail\" alt=\"\" srcset=\"https:\/\/mobilcella.hu\/wp-content\/uploads\/2022\/01\/Wierframe-Woocommerce_product-300x300.jpg 300w, https:\/\/mobilcella.hu\/wp-content\/uploads\/2022\/01\/Wierframe-Woocommerce_product-150x150.jpg 150w, https:\/\/mobilcella.hu\/wp-content\/uploads\/2022\/01\/Wierframe-Woocommerce_product-100x100.jpg 100w\" sizes=\"(max-width: 300px) 100vw, 300px\" \/><h2 class=\"woocommerce-loop-product__title\">Product Title<\/h2>\n\t<span class=\"price\"><span class=\"woocommerce-Price-amount amount\"><bdi>100&nbsp;<span class=\"woocommerce-Price-currencySymbol\">&#70;&#116;<\/span><\/bdi><\/span><\/span>\n<\/a><a href=\"?add-to-cart=109\" aria-describedby=\"woocommerce_loop_add_to_cart_link_describedby_109\" data-quantity=\"1\" class=\"button product_type_simple add_to_cart_button ajax_add_to_cart\" data-product_id=\"109\" data-product_sku=\"211852-12\" aria-label=\"Kos\u00e1rba: &ldquo;Product Title&rdquo;\" rel=\"nofollow\" data-success_message=\"&ldquo;Product Title&rdquo; has been added to your cart\">Kos\u00e1rba teszem<\/a>\t<span id=\"woocommerce_loop_add_to_cart_link_describedby_109\" class=\"screen-reader-text\">\n\t\t\t<\/span>\n<\/li>\n<li class=\"product type-product post-99 status-publish last instock product_cat-uncategorized has-post-thumbnail sale featured shipping-taxable purchasable product-type-simple\">\n\t<a href=\"https:\/\/mobilcella.hu\/?product=product-name-3\" class=\"woocommerce-LoopProduct-link woocommerce-loop-product__link\">\n\t<span class=\"onsale\">Akci\u00f3!<\/span>\n\t<img fetchpriority=\"high\" decoding=\"async\" width=\"300\" height=\"300\" src=\"https:\/\/mobilcella.hu\/wp-content\/uploads\/2022\/01\/Wierframe-Woocommerce_product-300x300.jpg\" class=\"attachment-woocommerce_thumbnail size-woocommerce_thumbnail\" alt=\"\" srcset=\"https:\/\/mobilcella.hu\/wp-content\/uploads\/2022\/01\/Wierframe-Woocommerce_product-300x300.jpg 300w, https:\/\/mobilcella.hu\/wp-content\/uploads\/2022\/01\/Wierframe-Woocommerce_product-150x150.jpg 150w, https:\/\/mobilcella.hu\/wp-content\/uploads\/2022\/01\/Wierframe-Woocommerce_product-100x100.jpg 100w\" sizes=\"(max-width: 300px) 100vw, 300px\" \/><h2 class=\"woocommerce-loop-product__title\">Product Title<\/h2>\n\t<span class=\"price\"><del aria-hidden=\"true\"><span class=\"woocommerce-Price-amount amount\"><bdi>100&nbsp;<span class=\"woocommerce-Price-currencySymbol\">&#70;&#116;<\/span><\/bdi><\/span><\/del> <span class=\"screen-reader-text\">Original price was: 100&nbsp;&#070;&#116;.<\/span><ins aria-hidden=\"true\"><span class=\"woocommerce-Price-amount amount\"><bdi>90&nbsp;<span class=\"woocommerce-Price-currencySymbol\">&#70;&#116;<\/span><\/bdi><\/span><\/ins><span class=\"screen-reader-text\">Current price is: 90&nbsp;&#070;&#116;.<\/span><\/span>\n<\/a><a href=\"?add-to-cart=99\" aria-describedby=\"woocommerce_loop_add_to_cart_link_describedby_99\" data-quantity=\"1\" class=\"button product_type_simple add_to_cart_button ajax_add_to_cart\" data-product_id=\"99\" data-product_sku=\"211852-2\" aria-label=\"Kos\u00e1rba: &ldquo;Product Title&rdquo;\" rel=\"nofollow\" data-success_message=\"&ldquo;Product Title&rdquo; has been added to your cart\">Kos\u00e1rba teszem<\/a>\t<span id=\"woocommerce_loop_add_to_cart_link_describedby_99\" class=\"screen-reader-text\">\n\t\t\t<\/span>\n<\/li>\n<\/ul>\n<\/div>\t\t\t\t<\/div>\n\t\t\t\t<\/div>\n\t\t\t\t\t<\/div>\n\t\t\t\t<\/div>\n\t\t\t\t<\/div>\n\t\t","protected":false},"excerpt":{"rendered":"<p>Kapcsolat Az al\u00e1bbi kapcsolati \u0171rlap kit\u00f6lt\u00e9s\u00e9vel tudsz kapcsolatba l\u00e9pni vel\u00fcnk. Koll\u00e9g\u00e1ink igyekeznek r\u00f6vid id\u0151n bel\u00fcl v\u00e1laszolni minden megkeres\u00e9sre.\u00a0 Kiemelt term\u00e9keink<\/p>\n","protected":false},"author":2,"featured_media":67,"parent":0,"menu_order":0,"comment_status":"closed","ping_status":"closed","template":"elementor_header_footer","meta":{"footnotes":""},"class_list":["post-64","page","type-page","status-publish","has-post-thumbnail","hentry"],"_links":{"self":[{"href":"https:\/\/mobilcella.hu\/index.php?rest_route=\/wp\/v2\/pages\/64","targetHints":{"allow":["GET"]}}],"collection":[{"href":"https:\/\/mobilcella.hu\/index.php?rest_route=\/wp\/v2\/pages"}],"about":[{"href":"https:\/\/mobilcella.hu\/index.php?rest_route=\/wp\/v2\/types\/page"}],"author":[{"embeddable":true,"href":"https:\/\/mobilcella.hu\/index.php?rest_route=\/wp\/v2\/users\/2"}],"replies":[{"embeddable":true,"href":"https:\/\/mobilcella.hu\/index.php?rest_route=%2Fwp%2Fv2%2Fcomments&post=64"}],"version-history":[{"count":8,"href":"https:\/\/mobilcella.hu\/index.php?rest_route=\/wp\/v2\/pages\/64\/revisions"}],"predecessor-version":[{"id":211,"href":"https:\/\/mobilcella.hu\/index.php?rest_route=\/wp\/v2\/pages\/64\/revisions\/211"}],"wp:featuredmedia":[{"embeddable":true,"href":"https:\/\/mobilcella.hu\/index.php?rest_route=\/wp\/v2\/media\/67"}],"wp:attachment":[{"href":"https:\/\/mobilcella.hu\/index.php?rest_route=%2Fwp%2Fv2%2Fmedia&parent=64"}],"curies":[{"name":"wp","href":"https:\/\/api.w.org\/{rel}","templated":true}]}}