{"id":82,"date":"2025-02-10T13:40:41","date_gmt":"2025-02-10T13:40:41","guid":{"rendered":"https:\/\/mobilcella.hu\/?page_id=82"},"modified":"2025-02-10T16:59:32","modified_gmt":"2025-02-10T16:59:32","slug":"cart","status":"publish","type":"page","link":"https:\/\/mobilcella.hu\/?page_id=82","title":{"rendered":"Kos\u00e1r"},"content":{"rendered":"\t\t<div data-elementor-type=\"wp-page\" data-elementor-id=\"82\" class=\"elementor elementor-82\" data-elementor-post-type=\"page\">\n\t\t\t\t<div class=\"elementor-element elementor-element-651b0ed8 e-flex e-con-boxed e-con e-parent\" data-id=\"651b0ed8\" data-element_type=\"container\" data-settings=\"{&quot;background_background&quot;:&quot;classic&quot;}\">\n\t\t\t\t\t<div class=\"e-con-inner\">\n\t\t\t\t<div class=\"elementor-element elementor-element-6abf3bf elementor-widget elementor-widget-heading\" data-id=\"6abf3bf\" data-element_type=\"widget\" data-widget_type=\"heading.default\">\n\t\t\t\t<div class=\"elementor-widget-container\">\n\t\t\t\t\t<h2 class=\"elementor-heading-title elementor-size-default\">Kos\u00e1r<\/h2>\t\t\t\t<\/div>\n\t\t\t\t<\/div>\n\t\t\t\t<div class=\"elementor-element elementor-element-502e5987 elementor-widget-mobile__width-inherit e-cart-layout-two-column elementor-widget elementor-widget-woocommerce-cart\" data-id=\"502e5987\" data-element_type=\"widget\" data-settings=\"{&quot;sticky_right_column&quot;:&quot;yes&quot;,&quot;update_cart_automatically&quot;:&quot;yes&quot;}\" data-widget_type=\"woocommerce-cart.default\">\n\t\t\t\t<div class=\"elementor-widget-container\">\n\t\t\t\t\t<div class=\"woocommerce\"><div class=\"woocommerce-notices-wrapper\"><\/div><div class=\"wc-empty-cart-message\">\n\t<div class=\"cart-empty woocommerce-info\">\n\t\tJelenleg \u00fcres a bev\u00e1s\u00e1rl\u00f3kos\u00e1r.\t<\/div>\n<\/div>\t<p class=\"return-to-shop\">\n\t\t<a class=\"button wc-backward\" href=\"https:\/\/mobilcella.hu\/?page_id=95\">\n\t\t\tV\u00e1s\u00e1rl\u00e1s folytat\u00e1sa\t\t<\/a>\n\t<\/p>\n<\/div>\t\t\t\t<\/div>\n\t\t\t\t<\/div>\n\t\t\t\t\t<\/div>\n\t\t\t\t<\/div>\n\t\t\t\t<\/div>\n\t\t","protected":false},"excerpt":{"rendered":"<p>Kos\u00e1r T\u00e9tel t\u00f6rl\u00e9se B\u00e9lyegk\u00e9p Term\u00e9k \u00c1r Mennyis\u00e9g R\u00e9sz\u00f6sszeg &times; Apple iPhone 14 Pro Max MagSafe-r\u00f6gz\u00edt\u00e9s\u0171 b\u0151r tok, Umbra 16,550&nbsp;&#70;&#116; Apple iPhone 14 Pro Max MagSafe-r\u00f6gz\u00edt\u00e9s\u0171 b\u0151r tok, Umbra mennyis\u00e9g 16,550&nbsp;&#70;&#116; Kupon \u00e9rv\u00e9nyes\u00edt\u00e9se Rendel\u00e9s \u00f6sszes\u00edt\u00e9se R\u00e9sz\u00f6sszeg 16,550&nbsp;&#70;&#116; \u00d6sszeg 16,550&nbsp;&#70;&#116; Tov\u00e1bb a megrendel\u00e9shez<\/p>\n","protected":false},"author":2,"featured_media":85,"parent":0,"menu_order":0,"comment_status":"closed","ping_status":"closed","template":"elementor_header_footer","meta":{"footnotes":""},"class_list":["post-82","page","type-page","status-publish","has-post-thumbnail","hentry"],"_links":{"self":[{"href":"https:\/\/mobilcella.hu\/index.php?rest_route=\/wp\/v2\/pages\/82","targetHints":{"allow":["GET"]}}],"collection":[{"href":"https:\/\/mobilcella.hu\/index.php?rest_route=\/wp\/v2\/pages"}],"about":[{"href":"https:\/\/mobilcella.hu\/index.php?rest_route=\/wp\/v2\/types\/page"}],"author":[{"embeddable":true,"href":"https:\/\/mobilcella.hu\/index.php?rest_route=\/wp\/v2\/users\/2"}],"replies":[{"embeddable":true,"href":"https:\/\/mobilcella.hu\/index.php?rest_route=%2Fwp%2Fv2%2Fcomments&post=82"}],"version-history":[{"count":14,"href":"https:\/\/mobilcella.hu\/index.php?rest_route=\/wp\/v2\/pages\/82\/revisions"}],"predecessor-version":[{"id":207,"href":"https:\/\/mobilcella.hu\/index.php?rest_route=\/wp\/v2\/pages\/82\/revisions\/207"}],"wp:featuredmedia":[{"embeddable":true,"href":"https:\/\/mobilcella.hu\/index.php?rest_route=\/wp\/v2\/media\/85"}],"wp:attachment":[{"href":"https:\/\/mobilcella.hu\/index.php?rest_route=%2Fwp%2Fv2%2Fmedia&parent=82"}],"curies":[{"name":"wp","href":"https:\/\/api.w.org\/{rel}","templated":true}]}}