{"id":86,"date":"2025-02-10T13:40:41","date_gmt":"2025-02-10T13:40:41","guid":{"rendered":"https:\/\/mobilcella.hu\/?page_id=86"},"modified":"2025-02-10T13:40:44","modified_gmt":"2025-02-10T13:40:44","slug":"sale-page","status":"publish","type":"page","link":"https:\/\/mobilcella.hu\/?page_id=86","title":{"rendered":"Sale Page"},"content":{"rendered":"\t\t<div data-elementor-type=\"wp-page\" data-elementor-id=\"86\" class=\"elementor elementor-86\" data-elementor-post-type=\"page\">\n\t\t\t\t<div class=\"elementor-element elementor-element-74bb439b e-con-full e-flex e-con e-parent\" data-id=\"74bb439b\" data-element_type=\"container\">\n\t\t<div class=\"elementor-element elementor-element-632a886 e-con-full e-flex e-con e-parent\" data-id=\"632a886\" data-element_type=\"container\">\n\t\t\t\t<div class=\"elementor-element elementor-element-66499f81 elementor-widget elementor-widget-heading\" data-id=\"66499f81\" data-element_type=\"widget\" data-widget_type=\"heading.default\">\n\t\t\t\t<div class=\"elementor-widget-container\">\n\t\t\t\t\t<h1 class=\"elementor-heading-title elementor-size-default\">Sale Products<\/h1>\t\t\t\t<\/div>\n\t\t\t\t<\/div>\n\t\t\t\t<div class=\"elementor-element elementor-element-7fd6d5ac elementor-widget elementor-widget-text-editor\" data-id=\"7fd6d5ac\" data-element_type=\"widget\" data-widget_type=\"text-editor.default\">\n\t\t\t\t<div class=\"elementor-widget-container\">\n\t\t\t\t\t\t\t\t\t<p>An introduction to your products that are currently on sale<\/p>\t\t\t\t\t\t\t\t<\/div>\n\t\t\t\t<\/div>\n\t\t\t\t<\/div>\n\t\t<div class=\"elementor-element elementor-element-5735bf4c e-con-full e-flex e-con e-parent\" data-id=\"5735bf4c\" data-element_type=\"container\" data-settings=\"{&quot;background_background&quot;:&quot;classic&quot;}\">\n\t\t\t\t<\/div>\n\t\t\t\t<\/div>\n\t\t<div class=\"elementor-element elementor-element-2c2e3270 e-flex e-con-boxed e-con e-parent\" data-id=\"2c2e3270\" data-element_type=\"container\">\n\t\t\t\t\t<div class=\"e-con-inner\">\n\t\t\t\t<div class=\"elementor-element elementor-element-32604500 elementor-grid-3 elementor-product-loop-item--align-left elementor-grid-mobile-1 elementor-grid-tablet-2 elementor-widget-mobile__width-inherit elementor-products-grid elementor-wc-products elementor-widget elementor-widget-woocommerce-products\" data-id=\"32604500\" data-element_type=\"widget\" data-widget_type=\"woocommerce-products.default\">\n\t\t\t\t<div class=\"elementor-widget-container\">\n\t\t\t\t\t<div class=\"woocommerce columns-3 \"><ul class=\"products elementor-grid columns-3\">\n<li class=\"product type-product post-180 status-publish first instock product_cat-kijelzo-vedo product_cat-s-25 product_cat-samsung product_tag-folia product_tag-galaxy-s25 product_tag-kijelzo-vedo product_tag-s25 product_tag-samsung product_tag-samsung-galaxy product_tag-spigen product_tag-uvegfolia has-post-thumbnail sale shipping-taxable purchasable product-type-simple\">\n\t<a href=\"https:\/\/mobilcella.hu\/?product=spigen-eliteshield-ez-fit-hd-samsung-galaxy-s25-tempered-kijelzo-vedo-folia-felhelyezo-kerettel\" class=\"woocommerce-LoopProduct-link woocommerce-loop-product__link\">\n\t<span class=\"onsale\">Akci\u00f3!<\/span>\n\t<img fetchpriority=\"high\" decoding=\"async\" width=\"300\" height=\"300\" src=\"https:\/\/mobilcella.hu\/wp-content\/uploads\/2025\/02\/105376-300x300.webp\" class=\"attachment-woocommerce_thumbnail size-woocommerce_thumbnail\" alt=\"\" srcset=\"https:\/\/mobilcella.hu\/wp-content\/uploads\/2025\/02\/105376-300x300.webp 300w, https:\/\/mobilcella.hu\/wp-content\/uploads\/2025\/02\/105376-150x150.webp 150w, https:\/\/mobilcella.hu\/wp-content\/uploads\/2025\/02\/105376-768x768.webp 768w, https:\/\/mobilcella.hu\/wp-content\/uploads\/2025\/02\/105376-600x600.webp 600w, https:\/\/mobilcella.hu\/wp-content\/uploads\/2025\/02\/105376-100x100.webp 100w, https:\/\/mobilcella.hu\/wp-content\/uploads\/2025\/02\/105376.webp 1024w\" sizes=\"(max-width: 300px) 100vw, 300px\" \/><h2 class=\"woocommerce-loop-product__title\">Spigen EliteShield EZ Fit HD Samsung Galaxy S25 tempered kijelz\u0151 v\u00e9d\u0151 f\u00f3lia felhelyez\u0151 kerettel<\/h2>\n\t<span class=\"price\"><del aria-hidden=\"true\"><span class=\"woocommerce-Price-amount amount\"><bdi>8,990&nbsp;<span class=\"woocommerce-Price-currencySymbol\">&#70;&#116;<\/span><\/bdi><\/span><\/del> <span class=\"screen-reader-text\">Original price was: 8,990&nbsp;&#070;&#116;.<\/span><ins aria-hidden=\"true\"><span class=\"woocommerce-Price-amount amount\"><bdi>4,990&nbsp;<span class=\"woocommerce-Price-currencySymbol\">&#70;&#116;<\/span><\/bdi><\/span><\/ins><span class=\"screen-reader-text\">Current price is: 4,990&nbsp;&#070;&#116;.<\/span><\/span>\n<\/a><a href=\"?add-to-cart=180\" aria-describedby=\"woocommerce_loop_add_to_cart_link_describedby_180\" data-quantity=\"1\" class=\"button product_type_simple add_to_cart_button ajax_add_to_cart\" data-product_id=\"180\" data-product_sku=\"211852-12\" aria-label=\"Kos\u00e1rba: &ldquo;Spigen EliteShield EZ Fit HD Samsung Galaxy S25 tempered kijelz\u0151 v\u00e9d\u0151 f\u00f3lia felhelyez\u0151 kerettel&rdquo;\" rel=\"nofollow\" data-success_message=\"&ldquo;Spigen EliteShield EZ Fit HD Samsung Galaxy S25 tempered kijelz\u0151 v\u00e9d\u0151 f\u00f3lia felhelyez\u0151 kerettel&rdquo; has been added to your cart\">Kos\u00e1rba teszem<\/a>\t<span id=\"woocommerce_loop_add_to_cart_link_describedby_180\" class=\"screen-reader-text\">\n\t\t\t<\/span>\n<\/li>\n<li class=\"product type-product post-111 status-publish instock product_cat-30 product_cat-apple product_cat-pro-max product_cat-telefontokok product_cat-uncategorized product_tag-14-pro-max product_tag-apple product_tag-bortok product_tag-iphone product_tag-iphone-14 product_tag-iphone-14-pro-max product_tag-magsafe product_tag-telefontok product_tag-tok product_tag-umbra has-post-thumbnail sale shipping-taxable purchasable product-type-simple\">\n\t<a href=\"https:\/\/mobilcella.hu\/?product=product-title\" class=\"woocommerce-LoopProduct-link woocommerce-loop-product__link\">\n\t<span class=\"onsale\">Akci\u00f3!<\/span>\n\t<img decoding=\"async\" width=\"300\" height=\"300\" src=\"https:\/\/mobilcella.hu\/wp-content\/uploads\/2025\/02\/68862-300x300.webp\" class=\"attachment-woocommerce_thumbnail size-woocommerce_thumbnail\" alt=\"Apple iPhone 14 Pro Max MagSafe-r\u00f6gz\u00edt\u00e9s\u0171 b\u0151r tok, Umbra\" srcset=\"https:\/\/mobilcella.hu\/wp-content\/uploads\/2025\/02\/68862-300x300.webp 300w, https:\/\/mobilcella.hu\/wp-content\/uploads\/2025\/02\/68862-150x150.webp 150w, https:\/\/mobilcella.hu\/wp-content\/uploads\/2025\/02\/68862-100x100.webp 100w\" sizes=\"(max-width: 300px) 100vw, 300px\" \/><h2 class=\"woocommerce-loop-product__title\">Apple iPhone 14 Pro Max MagSafe-r\u00f6gz\u00edt\u00e9s\u0171 b\u0151r tok, Umbra<\/h2>\n\t<span class=\"price\"><del aria-hidden=\"true\"><span class=\"woocommerce-Price-amount amount\"><bdi>29,990&nbsp;<span class=\"woocommerce-Price-currencySymbol\">&#70;&#116;<\/span><\/bdi><\/span><\/del> <span class=\"screen-reader-text\">Original price was: 29,990&nbsp;&#070;&#116;.<\/span><ins aria-hidden=\"true\"><span class=\"woocommerce-Price-amount amount\"><bdi>16,550&nbsp;<span class=\"woocommerce-Price-currencySymbol\">&#70;&#116;<\/span><\/bdi><\/span><\/ins><span class=\"screen-reader-text\">Current price is: 16,550&nbsp;&#070;&#116;.<\/span><\/span>\n<\/a><a href=\"?add-to-cart=111\" aria-describedby=\"woocommerce_loop_add_to_cart_link_describedby_111\" data-quantity=\"1\" class=\"button product_type_simple add_to_cart_button ajax_add_to_cart\" data-product_id=\"111\" data-product_sku=\"211852-10-1\" aria-label=\"Kos\u00e1rba: &ldquo;Apple iPhone 14 Pro Max MagSafe-r\u00f6gz\u00edt\u00e9s\u0171 b\u0151r tok, Umbra&rdquo;\" rel=\"nofollow\" data-success_message=\"&ldquo;Apple iPhone 14 Pro Max MagSafe-r\u00f6gz\u00edt\u00e9s\u0171 b\u0151r tok, Umbra&rdquo; has been added to your cart\">Kos\u00e1rba teszem<\/a>\t<span id=\"woocommerce_loop_add_to_cart_link_describedby_111\" class=\"screen-reader-text\">\n\t\t\t<\/span>\n<\/li>\n<\/ul>\n<\/div>\t\t\t\t<\/div>\n\t\t\t\t<\/div>\n\t\t\t\t\t<\/div>\n\t\t\t\t<\/div>\n\t\t<div class=\"elementor-element elementor-element-140b3dc7 e-flex e-con-boxed e-con e-parent\" data-id=\"140b3dc7\" data-element_type=\"container\">\n\t\t\t\t\t<div class=\"e-con-inner\">\n\t\t\t\t<div class=\"elementor-element elementor-element-15a59b14 elementor-widget elementor-widget-heading\" data-id=\"15a59b14\" data-element_type=\"widget\" data-widget_type=\"heading.default\">\n\t\t\t\t<div class=\"elementor-widget-container\">\n\t\t\t\t\t<h2 class=\"elementor-heading-title elementor-size-default\">Social Media Posts<\/h2>\t\t\t\t<\/div>\n\t\t\t\t<\/div>\n\t\t\t\t<div class=\"elementor-element elementor-element-6352a17d elementor-widget elementor-widget-text-editor\" data-id=\"6352a17d\" data-element_type=\"widget\" data-widget_type=\"text-editor.default\">\n\t\t\t\t<div class=\"elementor-widget-container\">\n\t\t\t\t\t\t\t\t\t<p>This is a gallery to showcase images from your recent social posts<\/p>\t\t\t\t\t\t\t\t<\/div>\n\t\t\t\t<\/div>\n\t\t\t\t<div class=\"elementor-element elementor-element-6fb5d8c2 elementor-skin-carousel elementor-widget elementor-widget-media-carousel\" data-id=\"6fb5d8c2\" data-element_type=\"widget\" data-settings=\"{&quot;slides_per_view&quot;:&quot;5&quot;,&quot;slides_to_scroll&quot;:&quot;1&quot;,&quot;space_between&quot;:{&quot;unit&quot;:&quot;px&quot;,&quot;size&quot;:31,&quot;sizes&quot;:[]},&quot;slides_per_view_tablet&quot;:&quot;4&quot;,&quot;slides_per_view_mobile&quot;:&quot;2&quot;,&quot;skin&quot;:&quot;carousel&quot;,&quot;effect&quot;:&quot;slide&quot;,&quot;speed&quot;:500,&quot;autoplay&quot;:&quot;yes&quot;,&quot;autoplay_speed&quot;:5000,&quot;loop&quot;:&quot;yes&quot;,&quot;pause_on_hover&quot;:&quot;yes&quot;,&quot;pause_on_interaction&quot;:&quot;yes&quot;,&quot;space_between_tablet&quot;:{&quot;unit&quot;:&quot;px&quot;,&quot;size&quot;:10,&quot;sizes&quot;:[]},&quot;space_between_mobile&quot;:{&quot;unit&quot;:&quot;px&quot;,&quot;size&quot;:10,&quot;sizes&quot;:[]}}\" data-widget_type=\"media-carousel.default\">\n\t\t\t\t<div class=\"elementor-widget-container\">\n\t\t\t\t\t\t\t\t\t<div class=\"elementor-swiper\">\n\t\t\t\t\t<div class=\"elementor-main-swiper swiper\" role=\"region\" aria-roledescription=\"carousel\" aria-label=\"Di\u00e1k\">\n\t\t\t\t<div class=\"swiper-wrapper\">\n\t\t\t\t\t\t\t\t\t\t\t<div class=\"swiper-slide\" role=\"group\" aria-roledescription=\"slide\">\n\t\t\t\t\t\t\t\t\t<div class=\"elementor-carousel-image\" role=\"img\" aria-label=\"Article-img_3-13122021.jpg\" style=\"background-image: url(&#039;https:\/\/mobilcella.hu\/wp-content\/uploads\/2025\/02\/Article-img_3-13122021.jpg&#039;)\">\n\n\t\t\t\n\t\t\t\t\t<\/div>\n\t\t\t\t\t\t\t\t<\/div>\n\t\t\t\t\t\t\t\t\t\t\t<div class=\"swiper-slide\" role=\"group\" aria-roledescription=\"slide\">\n\t\t\t\t\t\t\t\t\t<div class=\"elementor-carousel-image\" role=\"img\" aria-label=\"Article-img_3-13122021.jpg\" style=\"background-image: url(&#039;https:\/\/mobilcella.hu\/wp-content\/uploads\/2025\/02\/Article-img_3-13122021.jpg&#039;)\">\n\n\t\t\t\n\t\t\t\t\t<\/div>\n\t\t\t\t\t\t\t\t<\/div>\n\t\t\t\t\t\t\t\t\t\t\t<div class=\"swiper-slide\" role=\"group\" aria-roledescription=\"slide\">\n\t\t\t\t\t\t\t\t\t<div class=\"elementor-carousel-image\" role=\"img\" aria-label=\"Article-img_3-13122021.jpg\" style=\"background-image: url(&#039;https:\/\/mobilcella.hu\/wp-content\/uploads\/2025\/02\/Article-img_3-13122021.jpg&#039;)\">\n\n\t\t\t\n\t\t\t\t\t<\/div>\n\t\t\t\t\t\t\t\t<\/div>\n\t\t\t\t\t\t\t\t\t\t\t<div class=\"swiper-slide\" role=\"group\" aria-roledescription=\"slide\">\n\t\t\t\t\t\t\t\t\t<div class=\"elementor-carousel-image\" role=\"img\" aria-label=\"Article-img_3-13122021.jpg\" style=\"background-image: url(&#039;https:\/\/mobilcella.hu\/wp-content\/uploads\/2025\/02\/Article-img_3-13122021.jpg&#039;)\">\n\n\t\t\t\n\t\t\t\t\t<\/div>\n\t\t\t\t\t\t\t\t<\/div>\n\t\t\t\t\t\t\t\t\t\t\t<div class=\"swiper-slide\" role=\"group\" aria-roledescription=\"slide\">\n\t\t\t\t\t\t\t\t\t<div class=\"elementor-carousel-image\" role=\"img\" aria-label=\"Article-img_3-13122021.jpg\" style=\"background-image: url(&#039;https:\/\/mobilcella.hu\/wp-content\/uploads\/2025\/02\/Article-img_3-13122021.jpg&#039;)\">\n\n\t\t\t\n\t\t\t\t\t<\/div>\n\t\t\t\t\t\t\t\t<\/div>\n\t\t\t\t\t\t\t\t\t\t\t<div class=\"swiper-slide\" role=\"group\" aria-roledescription=\"slide\">\n\t\t\t\t\t\t\t\t\t<div class=\"elementor-carousel-image\" role=\"img\" aria-label=\"Article-img_3-13122021.jpg\" style=\"background-image: url(&#039;https:\/\/mobilcella.hu\/wp-content\/uploads\/2025\/02\/Article-img_3-13122021.jpg&#039;)\">\n\n\t\t\t\n\t\t\t\t\t<\/div>\n\t\t\t\t\t\t\t\t<\/div>\n\t\t\t\t\t\t\t\t\t\t\t<div class=\"swiper-slide\" role=\"group\" aria-roledescription=\"slide\">\n\t\t\t\t\t\t\t\t\t<div class=\"elementor-carousel-image\" role=\"img\" aria-label=\"Article-img_3-13122021.jpg\" style=\"background-image: url(&#039;https:\/\/mobilcella.hu\/wp-content\/uploads\/2025\/02\/Article-img_3-13122021.jpg&#039;)\">\n\n\t\t\t\n\t\t\t\t\t<\/div>\n\t\t\t\t\t\t\t\t<\/div>\n\t\t\t\t\t\t\t\t\t<\/div>\n\t\t\t\t\t\t\t\t\t\t\t\t\t\t\t\t\t\t\t\t\t<\/div>\n\t\t\t\t<\/div>\n\t\t\t\t\t\t\t\t<\/div>\n\t\t\t\t<\/div>\n\t\t\t\t\t<\/div>\n\t\t\t\t<\/div>\n\t\t<div class=\"elementor-element elementor-element-3bacdbba e-flex e-con-boxed e-con e-parent\" data-id=\"3bacdbba\" data-element_type=\"container\">\n\t\t\t\t\t<div class=\"e-con-inner\">\n\t\t<div class=\"elementor-element elementor-element-530a98d e-con-full e-flex e-con e-parent\" data-id=\"530a98d\" data-element_type=\"container\">\n\t\t\t\t<div class=\"elementor-element elementor-element-d7b7b0a elementor-widget elementor-widget-heading\" data-id=\"d7b7b0a\" data-element_type=\"widget\" data-widget_type=\"heading.default\">\n\t\t\t\t<div class=\"elementor-widget-container\">\n\t\t\t\t\t<h2 class=\"elementor-heading-title elementor-size-default\">Customer Reviews<\/h2>\t\t\t\t<\/div>\n\t\t\t\t<\/div>\n\t\t\t\t<\/div>\n\t\t<div class=\"elementor-element elementor-element-7af6c014 e-con-full e-flex e-con e-parent\" data-id=\"7af6c014\" data-element_type=\"container\">\n\t\t<div class=\"elementor-element elementor-element-c5037f e-con-full e-flex e-con e-parent\" data-id=\"c5037f\" data-element_type=\"container\">\n\t\t\t\t<div class=\"elementor-element elementor-element-547415bb elementor--star-style-star_unicode elementor-star-rating--align-left elementor-widget elementor-widget-star-rating\" data-id=\"547415bb\" data-element_type=\"widget\" data-widget_type=\"star-rating.default\">\n\t\t\t\t<div class=\"elementor-widget-container\">\n\t\t\t\t\t\n\t\t<div class=\"elementor-star-rating__wrapper\">\n\t\t\t\t\t\t<div class=\"elementor-star-rating\" title=\"5\/5\" itemtype=\"http:\/\/schema.org\/Rating\" itemscope=\"\" itemprop=\"reviewRating\"><i class=\"elementor-star-full\">&#9733;<\/i><i class=\"elementor-star-full\">&#9733;<\/i><i class=\"elementor-star-full\">&#9733;<\/i><i class=\"elementor-star-full\">&#9733;<\/i><i class=\"elementor-star-full\">&#9733;<\/i> <span itemprop=\"ratingValue\" class=\"elementor-screen-only\">5\/5<\/span><\/div>\t\t<\/div>\n\t\t\t\t\t\t<\/div>\n\t\t\t\t<\/div>\n\t\t\t\t<div class=\"elementor-element elementor-element-3999d7be elementor-blockquote--skin-clean elementor-blockquote--align-left elementor-blockquote--button-color-official elementor-widget elementor-widget-blockquote\" data-id=\"3999d7be\" data-element_type=\"widget\" data-widget_type=\"blockquote.default\">\n\t\t\t\t<div class=\"elementor-widget-container\">\n\t\t\t\t\t\t\t<blockquote class=\"elementor-blockquote\">\n\t\t\t<p class=\"elementor-blockquote__content\">\n\t\t\t\t\u201cA review from a customer who benefited from your product. Reviews can be a highly effective way of establishing credibility and increasing your company's reputation.\u201d\t\t\t<\/p>\n\t\t\t\t\t\t\t<div class=\"e-q-footer\">\n\t\t\t\t\t\t\t\t\t\t\t<cite class=\"elementor-blockquote__author\">Customer Name<\/cite>\n\t\t\t\t\t\t\t\t\t\t\t\t\t\t<\/div>\n\t\t\t\t\t<\/blockquote>\n\t\t\t\t\t\t<\/div>\n\t\t\t\t<\/div>\n\t\t\t\t<\/div>\n\t\t<div class=\"elementor-element elementor-element-3d05d971 e-con-full e-flex e-con e-parent\" data-id=\"3d05d971\" data-element_type=\"container\">\n\t\t\t\t<div class=\"elementor-element elementor-element-4c54b3b9 elementor--star-style-star_unicode elementor-star-rating--align-left elementor-widget elementor-widget-star-rating\" data-id=\"4c54b3b9\" data-element_type=\"widget\" data-widget_type=\"star-rating.default\">\n\t\t\t\t<div class=\"elementor-widget-container\">\n\t\t\t\t\t\n\t\t<div class=\"elementor-star-rating__wrapper\">\n\t\t\t\t\t\t<div class=\"elementor-star-rating\" title=\"5\/5\" itemtype=\"http:\/\/schema.org\/Rating\" itemscope=\"\" itemprop=\"reviewRating\"><i class=\"elementor-star-full\">&#9733;<\/i><i class=\"elementor-star-full\">&#9733;<\/i><i class=\"elementor-star-full\">&#9733;<\/i><i class=\"elementor-star-full\">&#9733;<\/i><i class=\"elementor-star-full\">&#9733;<\/i> <span itemprop=\"ratingValue\" class=\"elementor-screen-only\">5\/5<\/span><\/div>\t\t<\/div>\n\t\t\t\t\t\t<\/div>\n\t\t\t\t<\/div>\n\t\t\t\t<div class=\"elementor-element elementor-element-7c752371 elementor-blockquote--skin-clean elementor-blockquote--align-left elementor-blockquote--button-color-official elementor-widget elementor-widget-blockquote\" data-id=\"7c752371\" data-element_type=\"widget\" data-widget_type=\"blockquote.default\">\n\t\t\t\t<div class=\"elementor-widget-container\">\n\t\t\t\t\t\t\t<blockquote class=\"elementor-blockquote\">\n\t\t\t<p class=\"elementor-blockquote__content\">\n\t\t\t\t\u201cA review from a customer who benefited from your product. Reviews can be a highly effective way of establishing credibility and increasing your company's reputation.\u201d\t\t\t<\/p>\n\t\t\t\t\t\t\t<div class=\"e-q-footer\">\n\t\t\t\t\t\t\t\t\t\t\t<cite class=\"elementor-blockquote__author\">Customer Name<\/cite>\n\t\t\t\t\t\t\t\t\t\t\t\t\t\t<\/div>\n\t\t\t\t\t<\/blockquote>\n\t\t\t\t\t\t<\/div>\n\t\t\t\t<\/div>\n\t\t\t\t<\/div>\n\t\t\t\t<\/div>\n\t\t\t\t\t<\/div>\n\t\t\t\t<\/div>\n\t\t\t\t<\/div>\n\t\t","protected":false},"excerpt":{"rendered":"<p>Sale Products An introduction to your products that are currently on sale Social Media Posts This is a gallery to showcase images from your recent social posts Customer Reviews &#9733;&#9733;&#9733;&#9733;&#9733; 5\/5 \u201cA review from a customer who benefited from your product. Reviews can be a highly effective way of establishing credibility and increasing your company&#8217;s [&hellip;]<\/p>\n","protected":false},"author":2,"featured_media":89,"parent":0,"menu_order":0,"comment_status":"closed","ping_status":"closed","template":"elementor_header_footer","meta":{"footnotes":""},"class_list":["post-86","page","type-page","status-publish","has-post-thumbnail","hentry"],"_links":{"self":[{"href":"https:\/\/mobilcella.hu\/index.php?rest_route=\/wp\/v2\/pages\/86","targetHints":{"allow":["GET"]}}],"collection":[{"href":"https:\/\/mobilcella.hu\/index.php?rest_route=\/wp\/v2\/pages"}],"about":[{"href":"https:\/\/mobilcella.hu\/index.php?rest_route=\/wp\/v2\/types\/page"}],"author":[{"embeddable":true,"href":"https:\/\/mobilcella.hu\/index.php?rest_route=\/wp\/v2\/users\/2"}],"replies":[{"embeddable":true,"href":"https:\/\/mobilcella.hu\/index.php?rest_route=%2Fwp%2Fv2%2Fcomments&post=86"}],"version-history":[{"count":4,"href":"https:\/\/mobilcella.hu\/index.php?rest_route=\/wp\/v2\/pages\/86\/revisions"}],"predecessor-version":[{"id":148,"href":"https:\/\/mobilcella.hu\/index.php?rest_route=\/wp\/v2\/pages\/86\/revisions\/148"}],"wp:featuredmedia":[{"embeddable":true,"href":"https:\/\/mobilcella.hu\/index.php?rest_route=\/wp\/v2\/media\/89"}],"wp:attachment":[{"href":"https:\/\/mobilcella.hu\/index.php?rest_route=%2Fwp%2Fv2%2Fmedia&parent=86"}],"curies":[{"name":"wp","href":"https:\/\/api.w.org\/{rel}","templated":true}]}}