{"id":111,"date":"2025-02-10T13:40:43","date_gmt":"2025-02-10T13:40:43","guid":{"rendered":"http:\/\/shmuel"},"modified":"2025-02-10T16:32:47","modified_gmt":"2025-02-10T16:32:47","slug":"product-title","status":"publish","type":"product","link":"https:\/\/mobilcella.hu\/?product=product-title","title":{"rendered":"Apple iPhone 14 Pro Max MagSafe-r\u00f6gz\u00edt\u00e9s\u0171 b\u0151r tok, Umbra"},"content":{"rendered":"<p><strong>Gy\u00e1rt\u00f3:<\/strong> Apple<br \/>\n<strong>Gy\u00e1rt\u00f3i cikksz\u00e1m:<\/strong> MPPQ3ZM\/A<br \/>\n<strong>K\u00e9sz\u00fcl\u00e9k t\u00edpusa: i<\/strong>Phone 14 Pro Max<br \/>\n<strong>Kateg\u00f3ria:<\/strong> Mobiltelefon tok<br \/>\n<strong>Sz\u00edn:<\/strong> Barna<br \/>\n<strong>Anyag:<\/strong> B\u0151r<br \/>\n<strong>Magsafe kompatibilit\u00e1s:<\/strong> Van<br \/>\n<strong>T\u00edpus:<\/strong> Kem\u00e9ny h\u00e1tlap tok<\/p>\n","protected":false},"excerpt":{"rendered":"<p>Apple iPhone 14 Pro Max MagSafe kompatibilis gy\u00e1ri b\u0151rtok \u2013 T\u00f6bb sz\u00ednben!<\/p>\n<p>Szorosan simul az iPhone 14 Pro Max gy\u00f6ny\u00f6r\u0171en \u00edvelt vonalaira, a hanger\u0151gombokra \u00e9s az Altat\u00e1s\/\u00e9breszt\u00e9s gombra is, \u00edgy iPhone-od nem \u00e9rz\u0151dik a tok haszn\u00e1lat\u00e1t\u00f3l nehezebbnek, vastagabbnak.<\/p>\n<p>Apple k\u00e9sz\u00fcl\u00e9kedet megfelel\u0151en v\u00e9di a tok belsej\u00e9ben elhelyezked\u0151 puha mikrosz\u00e1las anyag, a k\u00fclsej\u00e9n l\u00e9v\u0151 val\u00f3di b\u0151r, selymes tapint\u00e1s\u00fa fel\u00fclethez pedig \u00e9lvezet hozz\u00e1\u00e9rni, r\u00e1ad\u00e1sul nagyon eleg\u00e1ns is.<\/p>\n<p>A pontosan illeszked\u0151 m\u00e1gnesekkel a vezet\u00e9k n\u00e9lk\u00fcli t\u00f6lt\u00e9s gyorsabb \u00e9s egyszer\u0171bb, mint valaha. Ha t\u00f6ltened kell a telefonodat, csak hagyd rajta a tokot, \u00e9s pattints r\u00e1 egy MagSafe t\u00f6lt\u0151t, vagy helyezd egy Qi-kompatibilis t\u00f6lt\u0151re.<\/p>\n<p>Kompatibilis k\u00e9sz\u00fcl\u00e9k: Apple iPhone 14 Pro Max.<\/p>\n","protected":false},"featured_media":172,"comment_status":"open","ping_status":"closed","template":"","meta":[],"product_brand":[26,27],"product_cat":[30,29,31,28,25],"product_tag":[34,33,38,32,40,41,35,37,36,39],"class_list":{"0":"post-111","1":"product","2":"type-product","3":"status-publish","4":"has-post-thumbnail","6":"product_brand-apple","7":"product_brand-umbra","8":"product_cat-30","9":"product_cat-apple","10":"product_cat-pro-max","11":"product_cat-telefontokok","12":"product_cat-uncategorized","13":"product_tag-14-pro-max","14":"product_tag-apple","15":"product_tag-bortok","16":"product_tag-iphone","17":"product_tag-iphone-14","18":"product_tag-iphone-14-pro-max","19":"product_tag-magsafe","20":"product_tag-telefontok","21":"product_tag-tok","22":"product_tag-umbra","24":"first","25":"instock","26":"sale","27":"shipping-taxable","28":"purchasable","29":"product-type-simple"},"_links":{"self":[{"href":"https:\/\/mobilcella.hu\/index.php?rest_route=\/wp\/v2\/product\/111","targetHints":{"allow":["GET"]}}],"collection":[{"href":"https:\/\/mobilcella.hu\/index.php?rest_route=\/wp\/v2\/product"}],"about":[{"href":"https:\/\/mobilcella.hu\/index.php?rest_route=\/wp\/v2\/types\/product"}],"replies":[{"embeddable":true,"href":"https:\/\/mobilcella.hu\/index.php?rest_route=%2Fwp%2Fv2%2Fcomments&post=111"}],"wp:featuredmedia":[{"embeddable":true,"href":"https:\/\/mobilcella.hu\/index.php?rest_route=\/wp\/v2\/media\/172"}],"wp:attachment":[{"href":"https:\/\/mobilcella.hu\/index.php?rest_route=%2Fwp%2Fv2%2Fmedia&parent=111"}],"wp:term":[{"taxonomy":"product_brand","embeddable":true,"href":"https:\/\/mobilcella.hu\/index.php?rest_route=%2Fwp%2Fv2%2Fproduct_brand&post=111"},{"taxonomy":"product_cat","embeddable":true,"href":"https:\/\/mobilcella.hu\/index.php?rest_route=%2Fwp%2Fv2%2Fproduct_cat&post=111"},{"taxonomy":"product_tag","embeddable":true,"href":"https:\/\/mobilcella.hu\/index.php?rest_route=%2Fwp%2Fv2%2Fproduct_tag&post=111"}],"curies":[{"name":"wp","href":"https:\/\/api.w.org\/{rel}","templated":true}]}}